{"id":393,"date":"2016-05-09T15:30:49","date_gmt":"2016-05-09T14:30:49","guid":{"rendered":"https:\/\/ssdm.ca\/contact\/?lang=en"},"modified":"2016-06-22T10:21:07","modified_gmt":"2016-06-22T14:21:07","slug":"contact","status":"publish","type":"page","link":"https:\/\/ssdm.ca\/en\/contact\/","title":{"rendered":"Contact"},"content":{"rendered":"<p style=\"text-align: center;\">2022, route 222<br \/>\nSt-Denis-de-Brompton, Qu\u00e9bec<br \/>\nCanada, J0B 2P0<br \/>\n<strong>819 846-3224<\/strong><\/p>\n<p style=\"text-align: center;\">Follow us on <strong><a href=\"https:\/\/www.facebook.com\/ssdme.ca\/?notif_t=fbpage_fan_invite&amp;notif_id=1465613281978701\" target=\"_blank\">FACEBOOK<\/a><\/strong><\/p>\n","protected":false},"excerpt":{"rendered":"2022, route 222 St-Denis-de-Brompton, Qu\u00e9bec Canada, J0B 2P0 819 846-3224 Follow us on FACEBOOK","protected":false},"author":1,"featured_media":0,"parent":0,"menu_order":6,"comment_status":"closed","ping_status":"closed","template":"template-contact.php","meta":{"_acf_changed":false,"footnotes":""},"class_list":["post-393","page","type-page","status-publish","hentry"],"acf":[],"yoast_head":"<!-- This site is optimized with the Yoast SEO plugin v27.4 - https:\/\/yoast.com\/product\/yoast-seo-wordpress\/ -->\n<title>Contact - Les Soudures St-Denis - Estrie<\/title>\n<meta name=\"description\" content=\"Les Soudures St-Denis sont bas\u00e9es \u00e0 Sherbrooke au 2022, route 222 \u00e0 St-Denis de Brompton. Pour vos besoins en structures d&#039;acier composez le 819 846-3224.\" \/>\n<meta name=\"robots\" content=\"index, follow, max-snippet:-1, max-image-preview:large, max-video-preview:-1\" \/>\n<link rel=\"canonical\" href=\"https:\/\/ssdm.ca\/en\/contact\/\" \/>\n<meta property=\"og:locale\" content=\"en_US\" \/>\n<meta property=\"og:type\" content=\"article\" \/>\n<meta property=\"og:title\" content=\"Contact - Les Soudures St-Denis - Estrie\" \/>\n<meta property=\"og:description\" content=\"Les Soudures St-Denis sont bas\u00e9es \u00e0 Sherbrooke au 2022, route 222 \u00e0 St-Denis de Brompton. Pour vos besoins en structures d&#039;acier composez le 819 846-3224.\" \/>\n<meta property=\"og:url\" content=\"https:\/\/ssdm.ca\/en\/contact\/\" \/>\n<meta property=\"og:site_name\" content=\"Soudure St-Denis\" \/>\n<meta property=\"article:modified_time\" content=\"2016-06-22T14:21:07+00:00\" \/>\n<script type=\"application\/ld+json\" class=\"yoast-schema-graph\">{\"@context\":\"https:\\\/\\\/schema.org\",\"@graph\":[{\"@type\":\"WebPage\",\"@id\":\"https:\\\/\\\/ssdm.ca\\\/en\\\/contact\\\/\",\"url\":\"https:\\\/\\\/ssdm.ca\\\/en\\\/contact\\\/\",\"name\":\"Contact - Les Soudures St-Denis - Estrie\",\"isPartOf\":{\"@id\":\"https:\\\/\\\/ssdm.ca\\\/en\\\/#website\"},\"datePublished\":\"2016-05-09T14:30:49+00:00\",\"dateModified\":\"2016-06-22T14:21:07+00:00\",\"description\":\"Les Soudures St-Denis sont bas\u00e9es \u00e0 Sherbrooke au 2022, route 222 \u00e0 St-Denis de Brompton. Pour vos besoins en structures d'acier composez le 819 846-3224.\",\"breadcrumb\":{\"@id\":\"https:\\\/\\\/ssdm.ca\\\/en\\\/contact\\\/#breadcrumb\"},\"inLanguage\":\"en-US\",\"potentialAction\":[{\"@type\":\"ReadAction\",\"target\":[\"https:\\\/\\\/ssdm.ca\\\/en\\\/contact\\\/\"]}]},{\"@type\":\"BreadcrumbList\",\"@id\":\"https:\\\/\\\/ssdm.ca\\\/en\\\/contact\\\/#breadcrumb\",\"itemListElement\":[{\"@type\":\"ListItem\",\"position\":1,\"name\":\"Accueil\",\"item\":\"https:\\\/\\\/ssdm.ca\\\/en\\\/\"},{\"@type\":\"ListItem\",\"position\":2,\"name\":\"Contact\"}]},{\"@type\":\"WebSite\",\"@id\":\"https:\\\/\\\/ssdm.ca\\\/en\\\/#website\",\"url\":\"https:\\\/\\\/ssdm.ca\\\/en\\\/\",\"name\":\"Soudure St-Denis\",\"description\":\"Les sp\u00e9cialistes de l&#039;acier\",\"publisher\":{\"@id\":\"https:\\\/\\\/ssdm.ca\\\/en\\\/#organization\"},\"potentialAction\":[{\"@type\":\"SearchAction\",\"target\":{\"@type\":\"EntryPoint\",\"urlTemplate\":\"https:\\\/\\\/ssdm.ca\\\/en\\\/?s={search_term_string}\"},\"query-input\":{\"@type\":\"PropertyValueSpecification\",\"valueRequired\":true,\"valueName\":\"search_term_string\"}}],\"inLanguage\":\"en-US\"},{\"@type\":\"Organization\",\"@id\":\"https:\\\/\\\/ssdm.ca\\\/en\\\/#organization\",\"name\":\"Soudure St-Denis\",\"url\":\"https:\\\/\\\/ssdm.ca\\\/en\\\/\",\"logo\":{\"@type\":\"ImageObject\",\"inLanguage\":\"en-US\",\"@id\":\"https:\\\/\\\/ssdm.ca\\\/en\\\/#\\\/schema\\\/logo\\\/image\\\/\",\"url\":\"https:\\\/\\\/ssdm.ca\\\/wp-content\\\/uploads\\\/2016\\\/05\\\/logo3d2019transparent.png\",\"contentUrl\":\"https:\\\/\\\/ssdm.ca\\\/wp-content\\\/uploads\\\/2016\\\/05\\\/logo3d2019transparent.png\",\"width\":450,\"height\":450,\"caption\":\"Soudure St-Denis\"},\"image\":{\"@id\":\"https:\\\/\\\/ssdm.ca\\\/en\\\/#\\\/schema\\\/logo\\\/image\\\/\"}}]}<\/script>\n<!-- \/ Yoast SEO plugin. -->","yoast_head_json":{"title":"Contact - Les Soudures St-Denis - Estrie","description":"Les Soudures St-Denis sont bas\u00e9es \u00e0 Sherbrooke au 2022, route 222 \u00e0 St-Denis de Brompton. Pour vos besoins en structures d'acier composez le 819 846-3224.","robots":{"index":"index","follow":"follow","max-snippet":"max-snippet:-1","max-image-preview":"max-image-preview:large","max-video-preview":"max-video-preview:-1"},"canonical":"https:\/\/ssdm.ca\/en\/contact\/","og_locale":"en_US","og_type":"article","og_title":"Contact - Les Soudures St-Denis - Estrie","og_description":"Les Soudures St-Denis sont bas\u00e9es \u00e0 Sherbrooke au 2022, route 222 \u00e0 St-Denis de Brompton. Pour vos besoins en structures d'acier composez le 819 846-3224.","og_url":"https:\/\/ssdm.ca\/en\/contact\/","og_site_name":"Soudure St-Denis","article_modified_time":"2016-06-22T14:21:07+00:00","schema":{"@context":"https:\/\/schema.org","@graph":[{"@type":"WebPage","@id":"https:\/\/ssdm.ca\/en\/contact\/","url":"https:\/\/ssdm.ca\/en\/contact\/","name":"Contact - Les Soudures St-Denis - Estrie","isPartOf":{"@id":"https:\/\/ssdm.ca\/en\/#website"},"datePublished":"2016-05-09T14:30:49+00:00","dateModified":"2016-06-22T14:21:07+00:00","description":"Les Soudures St-Denis sont bas\u00e9es \u00e0 Sherbrooke au 2022, route 222 \u00e0 St-Denis de Brompton. Pour vos besoins en structures d'acier composez le 819 846-3224.","breadcrumb":{"@id":"https:\/\/ssdm.ca\/en\/contact\/#breadcrumb"},"inLanguage":"en-US","potentialAction":[{"@type":"ReadAction","target":["https:\/\/ssdm.ca\/en\/contact\/"]}]},{"@type":"BreadcrumbList","@id":"https:\/\/ssdm.ca\/en\/contact\/#breadcrumb","itemListElement":[{"@type":"ListItem","position":1,"name":"Accueil","item":"https:\/\/ssdm.ca\/en\/"},{"@type":"ListItem","position":2,"name":"Contact"}]},{"@type":"WebSite","@id":"https:\/\/ssdm.ca\/en\/#website","url":"https:\/\/ssdm.ca\/en\/","name":"Soudure St-Denis","description":"Les sp\u00e9cialistes de l&#039;acier","publisher":{"@id":"https:\/\/ssdm.ca\/en\/#organization"},"potentialAction":[{"@type":"SearchAction","target":{"@type":"EntryPoint","urlTemplate":"https:\/\/ssdm.ca\/en\/?s={search_term_string}"},"query-input":{"@type":"PropertyValueSpecification","valueRequired":true,"valueName":"search_term_string"}}],"inLanguage":"en-US"},{"@type":"Organization","@id":"https:\/\/ssdm.ca\/en\/#organization","name":"Soudure St-Denis","url":"https:\/\/ssdm.ca\/en\/","logo":{"@type":"ImageObject","inLanguage":"en-US","@id":"https:\/\/ssdm.ca\/en\/#\/schema\/logo\/image\/","url":"https:\/\/ssdm.ca\/wp-content\/uploads\/2016\/05\/logo3d2019transparent.png","contentUrl":"https:\/\/ssdm.ca\/wp-content\/uploads\/2016\/05\/logo3d2019transparent.png","width":450,"height":450,"caption":"Soudure St-Denis"},"image":{"@id":"https:\/\/ssdm.ca\/en\/#\/schema\/logo\/image\/"}}]}},"_links":{"self":[{"href":"https:\/\/ssdm.ca\/en\/wp-json\/wp\/v2\/pages\/393","targetHints":{"allow":["GET"]}}],"collection":[{"href":"https:\/\/ssdm.ca\/en\/wp-json\/wp\/v2\/pages"}],"about":[{"href":"https:\/\/ssdm.ca\/en\/wp-json\/wp\/v2\/types\/page"}],"author":[{"embeddable":true,"href":"https:\/\/ssdm.ca\/en\/wp-json\/wp\/v2\/users\/1"}],"replies":[{"embeddable":true,"href":"https:\/\/ssdm.ca\/en\/wp-json\/wp\/v2\/comments?post=393"}],"version-history":[{"count":0,"href":"https:\/\/ssdm.ca\/en\/wp-json\/wp\/v2\/pages\/393\/revisions"}],"wp:attachment":[{"href":"https:\/\/ssdm.ca\/en\/wp-json\/wp\/v2\/media?parent=393"}],"curies":[{"name":"wp","href":"https:\/\/api.w.org\/{rel}","templated":true}]}}